{"id":32,"date":"2025-09-26T09:09:27","date_gmt":"2025-09-26T02:09:27","guid":{"rendered":"https:\/\/nemac.lienhiephtxdulich.com\/?page_id=32"},"modified":"2025-10-08T16:59:58","modified_gmt":"2025-10-08T09:59:58","slug":"about","status":"publish","type":"page","link":"https:\/\/nemac.vn\/en\/about\/","title":{"rendered":"About Us"},"content":{"rendered":"\n\t<section class=\"section\" id=\"section_1375827288\">\n\t\t<div class=\"section-bg fill\" >\n\t\t\t\t\t\t\t\t\t\n\t\t\t\n\n\t\t<\/div>\n\n\t\t\n\n\t\t<div class=\"section-content relative\">\n\t\t\t\n<div class=\"row align-center\"  id=\"row-1324039638\">\n\n\t<div id=\"col-493233395\" class=\"col medium-9 small-12 large-7\"  >\n\t\t\t\t<div class=\"col-inner\"  >\n\t\t\t\n\t\t\t\n<div class=\"text-center\"><div class=\"is-divider divider clearfix\" style=\"margin-top:15.2px;margin-bottom:15.2px;max-width:150px;height:8px;background-color:rgb(255, 152, 35);\"><\/div><\/div>\n\t<div id=\"text-500599694\" class=\"text\">\n\t\t\n<h2>Gi\u1edbi thi\u1ec7u<\/h2>\n\t\t\n<style>\n#text-500599694 {\n  font-size: 1.75rem;\n  text-align: center;\n  color: rgb(255,255,255);\n}\n#text-500599694 > * {\n  color: rgb(255,255,255);\n}\n<\/style>\n\t<\/div>\n\t\n\t\t<\/div>\n\t\t\t\t\n<style>\n#col-493233395 > .col-inner {\n  margin: 0px 0px -15px 0px;\n}\n<\/style>\n\t<\/div>\n\n\t\n<\/div>\n\t\t<\/div>\n\n\t\t\n<style>\n#section_1375827288 {\n  padding-top: 30px;\n  padding-bottom: 30px;\n  background-color: #1f597f;\n}\n<\/style>\n\t<\/section>\n\t\n\n\t<section class=\"section\" id=\"section_2099280764\">\n\t\t<div class=\"section-bg fill\" >\n\t\t\t\t\t\t\t\t\t<button class=\"scroll-for-more z-5 icon absolute bottom h-center\" aria-label=\"Scroll for more\"><i class=\"icon-angle-down\" style=\"font-size:42px;\" ><\/i><\/button>\n\t\t\t\n\n\t\t<\/div>\n\n\t\t\n\n\t\t<div class=\"section-content relative\">\n\t\t\t\n<div class=\"row align-center\"  id=\"row-643481742\">\n\n\t<div id=\"col-1673084236\" class=\"col medium-8 small-10 large-9\"  >\n\t\t\t\t<div class=\"col-inner text-center\"  >\n\t\t\t\n\t\t\t\n<h6 class=\"uppercase\">About us<\/h6>\n<h2 style=\"font-size: 250%\">C\u00f4ng ty C\u1ed5 ph\u1ea7n Nemac Vi\u1ec7t Nam \u2013 Gi\u1ea3i ph\u00e1p v\u00e1ch v\u00e0 c\u1eeda ch\u1ed1ng ch\u00e1y an to\u00e0n, hi\u1ec7n \u0111\u1ea1i<\/h2>\n\t\t<\/div>\n\t\t\t\t\n<style>\n#col-1673084236 > .col-inner {\n  padding: 40px 0px 0px 0px;\n}\n<\/style>\n\t<\/div>\n\n\t\n<\/div>\n\t\t<\/div>\n\n\t\t\n<style>\n#section_2099280764 {\n  padding-top: 30px;\n  padding-bottom: 30px;\n}\n<\/style>\n\t<\/section>\n\t\n\n\t<section class=\"section\" id=\"section_1859272769\">\n\t\t<div class=\"section-bg fill\" >\n\t\t\t\t\t\t\t\t\t\n\t\t\t\n\n\t\t<\/div>\n\n\t\t\n\n\t\t<div class=\"section-content relative\">\n\t\t\t\n<div class=\"row align-middle\"  id=\"row-1728689054\">\n\n\t<div id=\"col-1943183317\" class=\"col medium-4 small-12 large-4\"  >\n\t\t\t\t<div class=\"col-inner\"  >\n\t\t\t\n\t\t\t\n\n  <div class=\"banner has-hover banner-radius\" id=\"banner-1790170145\">\n          <div class=\"banner-inner fill\">\n        <div class=\"banner-bg fill\" >\n            <img loading=\"lazy\" decoding=\"async\" width=\"1020\" height=\"468\" src=\"https:\/\/nemac.vn\/en\/wp-content\/uploads\/2025\/09\/1092image-min.webp\" class=\"bg attachment-large size-large\" alt=\"\" \/>                                    \n                    <\/div>\n\t\t\n        <div class=\"banner-layers container\">\n            <div class=\"fill banner-link\"><\/div>            \n   <div id=\"text-box-942555188\" class=\"text-box banner-layer x50 md-x50 lg-x50 y50 md-y50 lg-y50 res-text\">\n                                <div class=\"text-box-content text dark\">\n              \n              <div class=\"text-inner text-center\">\n                  \n              <\/div>\n           <\/div>\n                            \n<style>\n#text-box-942555188 {\n  width: 60%;\n}\n#text-box-942555188 .text-box-content {\n  font-size: 100%;\n}\n@media (min-width:550px) {\n  #text-box-942555188 {\n    width: 60%;\n  }\n}\n<\/style>\n    <\/div>\n \n        <\/div>\n      <\/div>\n\n            \n<style>\n#banner-1790170145 {\n  padding-top: 250px;\n  background-color: rgb(247, 245, 244);\n}\n@media (min-width:550px) {\n  #banner-1790170145 {\n    padding-top: 99.99%;\n  }\n}\n<\/style>\n  <\/div>\n\n\n\t\t<\/div>\n\t\t\t\t\t<\/div>\n\n\t\n\n\t<div id=\"col-912208697\" class=\"col medium-4 small-12 large-4\"  >\n\t\t\t\t<div class=\"col-inner\"  >\n\t\t\t\n\t\t\t\n\n  <div class=\"banner has-hover banner-radius has-parallax\" id=\"banner-1756407061\">\n          <div class=\"banner-inner fill\">\n        <div class=\"banner-bg fill\" data-parallax=\"-6\" data-parallax-container=\".banner\" data-parallax-background>\n            <img loading=\"lazy\" decoding=\"async\" width=\"1020\" height=\"764\" src=\"https:\/\/nemac.vn\/en\/wp-content\/uploads\/2025\/09\/58c0db71-e46b-4992-9d9c-e0fd3a38578b.webp\" class=\"bg attachment-large size-large\" alt=\"\" \/>                                    \n                    <\/div>\n\t\t\n        <div class=\"banner-layers container\">\n            <div class=\"fill banner-link\"><\/div>            \n   <div id=\"text-box-1172466074\" class=\"text-box banner-layer x50 md-x50 lg-x50 y50 md-y50 lg-y50 res-text\">\n                                <div class=\"text-box-content text dark\">\n              \n              <div class=\"text-inner text-center\">\n                  \n              <\/div>\n           <\/div>\n                            \n<style>\n#text-box-1172466074 {\n  width: 60%;\n}\n#text-box-1172466074 .text-box-content {\n  font-size: 100%;\n}\n@media (min-width:550px) {\n  #text-box-1172466074 {\n    width: 60%;\n  }\n}\n<\/style>\n    <\/div>\n \n        <\/div>\n      <\/div>\n\n            \n<style>\n#banner-1756407061 {\n  padding-top: 400px;\n  background-color: rgb(247, 245, 244);\n}\n@media (min-width:850px) {\n  #banner-1756407061 {\n    padding-top: 500px;\n  }\n}\n<\/style>\n  <\/div>\n\n\n\t\t<\/div>\n\t\t\t\t\t<\/div>\n\n\t\n\n\t<div id=\"col-1352364998\" class=\"col medium-4 small-12 large-4\"  >\n\t\t\t\t<div class=\"col-inner\"  >\n\t\t\t\n\t\t\t\n\n  <div class=\"banner has-hover banner-radius\" id=\"banner-1614235763\">\n          <div class=\"banner-inner fill\">\n        <div class=\"banner-bg fill\" >\n            <img loading=\"lazy\" decoding=\"async\" width=\"1020\" height=\"707\" src=\"https:\/\/nemac.vn\/en\/wp-content\/uploads\/2025\/09\/vach-ngan-van-phong-1.webp\" class=\"bg attachment-large size-large\" alt=\"\" \/>                                    \n                    <\/div>\n\t\t\n        <div class=\"banner-layers container\">\n            <div class=\"fill banner-link\"><\/div>            \n   <div id=\"text-box-1343943186\" class=\"text-box banner-layer x50 md-x50 lg-x50 y50 md-y50 lg-y50 res-text\">\n                                <div class=\"text-box-content text dark\">\n              \n              <div class=\"text-inner text-center\">\n                  \n              <\/div>\n           <\/div>\n                            \n<style>\n#text-box-1343943186 {\n  width: 60%;\n}\n#text-box-1343943186 .text-box-content {\n  font-size: 100%;\n}\n@media (min-width:550px) {\n  #text-box-1343943186 {\n    width: 60%;\n  }\n}\n<\/style>\n    <\/div>\n \n        <\/div>\n      <\/div>\n\n            \n<style>\n#banner-1614235763 {\n  padding-top: 250px;\n  background-color: rgb(247, 245, 244);\n}\n@media (min-width:550px) {\n  #banner-1614235763 {\n    padding-top: 99.99%;\n  }\n}\n<\/style>\n  <\/div>\n\n\n\t\t<\/div>\n\t\t\t\t\t<\/div>\n\n\t\n<\/div>\n\t\t<\/div>\n\n\t\t\n<style>\n#section_1859272769 {\n  padding-top: 30px;\n  padding-bottom: 30px;\n}\n<\/style>\n\t<\/section>\n\t\n\n\t<section class=\"section\" id=\"section_1806397969\">\n\t\t<div class=\"section-bg fill\" >\n\t\t\t\t\t\t\t\t\t\n\t\t\t\n\n\t\t<\/div>\n\n\t\t\n\n\t\t<div class=\"section-content relative\">\n\t\t\t\n<div class=\"row align-center\"  id=\"row-38615738\">\n\n\t<div id=\"col-1177636976\" class=\"col medium-7 small-12 large-7\"  >\n\t\t\t\t<div class=\"col-inner\"  >\n\t\t\t\n\t\t\t\n<p class=\"lead\">Nemac Vi\u1ec7t Nam ti\u00ean phong trong l\u0129nh v\u1ef1c cung c\u1ea5p v\u00e1ch v\u00e0 c\u1eeda ch\u1ed1ng ch\u00e1y, \u0111\u00e1p \u1ee9ng ti\u00eau chu\u1ea9n an to\u00e0n qu\u1ed1c t\u1ebf, mang l\u1ea1i s\u1ef1 an t\u00e2m cho m\u1ecdi c\u00f4ng tr\u00ecnh t\u1eeb d\u00e2n d\u1ee5ng \u0111\u1ebfn c\u00f4ng nghi\u1ec7p.<\/p>\n<p>V\u1edbi tr\u1ee5 s\u1edf t\u1ea1i H\u00e0 N\u1ed9i, ch\u00fang t\u00f4i \u0111\u00e3 v\u00e0 \u0111ang \u0111\u1ed3ng h\u00e0nh c\u00f9ng h\u00e0ng tr\u0103m d\u1ef1 \u00e1n l\u1edbn nh\u1ecf tr\u00ean to\u00e0n qu\u1ed1c. C\u00e1c s\u1ea3n ph\u1ea9m ch\u1ee7 l\u1ef1c g\u1ed3m <strong>v\u00e1ch EI, v\u00e1ch E70, c\u1eeda 1 c\u00e1nh \u2013 2 c\u00e1nh ch\u1ed1ng ch\u00e1y, c\u1eeda l\u00f9a, c\u1eeda s\u1ed5 h\u1ea5t<\/strong>\u2026 T\u1ea5t c\u1ea3 \u0111\u1ec1u \u0111\u01b0\u1ee3c ki\u1ec3m \u0111\u1ecbnh nghi\u00eam ng\u1eb7t, k\u1ebft h\u1ee3p gi\u1eefa t\u00ednh n\u0103ng b\u1ea3o v\u1ec7 an to\u00e0n v\u00e0 thi\u1ebft k\u1ebf hi\u1ec7n \u0111\u1ea1i, th\u1ea9m m\u1ef9. Nemac cam k\u1ebft mang \u0111\u1ebfn gi\u1ea3i ph\u00e1p t\u1ed1i \u01b0u, g\u00f3p ph\u1ea7n x\u00e2y d\u1ef1ng nh\u1eefng c\u00f4ng tr\u00ecnh an to\u00e0n, b\u1ec1n v\u1eefng v\u00e0 \u0111\u1eb3ng c\u1ea5p.<\/p>\n\t\t<\/div>\n\t\t\t\t\n<style>\n#col-1177636976 > .col-inner {\n  margin: 0px 0px -60px 0px;\n}\n<\/style>\n\t<\/div>\n\n\t\n<\/div>\n\t\t<\/div>\n\n\t\t\n<style>\n#section_1806397969 {\n  padding-top: 60px;\n  padding-bottom: 60px;\n}\n<\/style>\n\t<\/section>\n\t\n\n\t<section class=\"section\" id=\"section_353955178\">\n\t\t<div class=\"section-bg fill\" >\n\t\t\t\t\t\t\t\t\t\n\t\t\t\n\n\t\t<\/div>\n\n\t\t\n\n\t\t<div class=\"section-content relative\">\n\t\t\t\n<div class=\"row row-solid\"  id=\"row-392122254\">\n\n\t<div id=\"col-1146005410\" class=\"col medium-4 small-12 large-4\"  >\n\t\t\t\t<div class=\"col-inner text-center\"  >\n\t\t\t\n\t\t\t\n<h2 style=\"font-size: 200%\"> 200+ <\/h2>\n<p>D\u1ef1 \u00e1n \u0111\u00e3 ho\u00e0n th\u00e0nh tr\u00ean to\u00e0n qu\u1ed1c<\/p>\n\t\t<\/div>\n\t\t\t\t\t<\/div>\n\n\t\n\n\t<div id=\"col-350640289\" class=\"col medium-4 small-12 large-4\"  >\n\t\t\t\t<div class=\"col-inner text-center\"  >\n\t\t\t\n\t\t\t\n<h2 style=\"font-size: 200%\"> 25+ <\/h2>\n<p>\u0110\u1ed1i t\u00e1c &#038; ch\u1ee7 \u0111\u1ea7u t\u01b0 tin t\u01b0\u1edfng<\/p>\n\t\t<\/div>\n\t\t\t\t\t<\/div>\n\n\t\n\n\t<div id=\"col-1075893160\" class=\"col medium-4 small-12 large-4\"  >\n\t\t\t\t<div class=\"col-inner text-center\"  >\n\t\t\t\n\t\t\t\n<h2 style=\"font-size: 200%\"> 4.9\/5 <\/h2>\n<p>M\u1ee9c \u0111\u1ed9 h\u00e0i l\u00f2ng t\u1eeb kh\u00e1ch h\u00e0ng<\/p>\n\t\t<\/div>\n\t\t\t\t\t<\/div>\n\n\t\n<\/div>\n\t\t<\/div>\n\n\t\t\n<style>\n#section_353955178 {\n  padding-top: 60px;\n  padding-bottom: 60px;\n}\n<\/style>\n\t<\/section>\n\t\n\n\t<section class=\"section dark has-parallax\" id=\"section_775576297\">\n\t\t<div class=\"section-bg fill\" data-parallax-container=\".section\" data-parallax-background data-parallax=\"-7\">\n\t\t\t<img loading=\"lazy\" decoding=\"async\" width=\"1920\" height=\"880\" src=\"https:\/\/nemac.vn\/en\/wp-content\/uploads\/2025\/09\/1092image-min.webp\" class=\"bg attachment- size-\" alt=\"\" \/>\t\t\t\t\t\t<div class=\"section-bg-overlay absolute fill\"><\/div>\n\t\t\t\n\n\t\t<\/div>\n\n\t\t\n\n\t\t<div class=\"section-content relative\">\n\t\t\t\n<div class=\"row row-collapse align-center\"  id=\"row-1618427911\">\n\n\t<div id=\"col-892454740\" class=\"col medium-7 small-10 large-8\"  >\n\t\t\t\t<div class=\"col-inner text-center\"  >\n\t\t\t\n\t\t\t\n<h2 style=\"font-size: 220%\">&#8220;An to\u00e0n \u2013 Ch\u1ea5t l\u01b0\u1ee3ng \u2013 Hi\u1ec7n \u0111\u1ea1i l\u00e0 cam k\u1ebft c\u1ee7a Nemac Vi\u1ec7t Nam trong t\u1eebng c\u00f4ng tr\u00ecnh.&#8221;<\/h2>\n<p>~ Nemac Vi\u1ec7t Nam<\/p>\n\t\t<\/div>\n\t\t\t\t\t<\/div>\n\n\t\n<\/div>\n\t\t<\/div>\n\n\t\t\n<style>\n#section_775576297 {\n  padding-top: 120px;\n  padding-bottom: 120px;\n  background-color: rgb(247, 245, 244);\n}\n#section_775576297 .section-bg-overlay {\n  background-color: rgba(0,0,0,.5);\n}\n<\/style>\n\t<\/section>\n\t\n\n\t<section class=\"section\" id=\"section_1277012556\">\n\t\t<div class=\"section-bg fill\" >\n\t\t\t\t\t\t\t\t\t\n\t\t\t\n\n\t\t<\/div>\n\n\t\t\n\n\t\t<div class=\"section-content relative\">\n\t\t\t\n\t<div id=\"gap-462766409\" class=\"gap-element clearfix\" style=\"display:block; height:auto;\">\n\t\t\n<style>\n#gap-462766409 {\n  padding-top: 60px;\n}\n<\/style>\n\t<\/div>\n\t\n<div class=\"row row-large align-middle\"  id=\"row-1314770962\">\n\n\t<div id=\"col-96050753\" class=\"col medium-5 small-12 large-5\"  >\n\t\t\t\t<div class=\"col-inner\"  >\n\t\t\t\n\t\t\t\n\n  <div class=\"banner has-hover banner-radius\" id=\"banner-1674666257\">\n          <div class=\"banner-inner fill\">\n        <div class=\"banner-bg fill\" >\n            <img loading=\"lazy\" decoding=\"async\" width=\"1020\" height=\"764\" src=\"https:\/\/nemac.vn\/en\/wp-content\/uploads\/2025\/09\/58c0db71-e46b-4992-9d9c-e0fd3a38578b.webp\" class=\"bg attachment-large size-large\" alt=\"\" \/>                                    \n                    <\/div>\n\t\t\n        <div class=\"banner-layers container\">\n            <div class=\"fill banner-link\"><\/div>            \n   <div id=\"text-box-815513683\" class=\"text-box banner-layer x50 md-x50 lg-x50 y50 md-y50 lg-y50 res-text\">\n                                <div class=\"text-box-content text dark\">\n              \n              <div class=\"text-inner text-center\">\n                  \n              <\/div>\n           <\/div>\n                            \n<style>\n#text-box-815513683 {\n  width: 60%;\n}\n#text-box-815513683 .text-box-content {\n  font-size: 100%;\n}\n@media (min-width:550px) {\n  #text-box-815513683 {\n    width: 60%;\n  }\n}\n<\/style>\n    <\/div>\n \n        <\/div>\n      <\/div>\n\n            \n<style>\n#banner-1674666257 {\n  padding-top: 500px;\n  background-color: rgb(247, 245, 244);\n}\n<\/style>\n  <\/div>\n\n\n\t\t<\/div>\n\t\t\t\t\t<\/div>\n\n\t\n\n\t<div id=\"col-11544666\" class=\"col medium-7 small-12 large-7\"  >\n\t\t\t\t<div class=\"col-inner\"  >\n\t\t\t\n\t\t\t\n<blockquote style=\" font-style: normal;\">\n<p>Nemac Vi\u1ec7t Nam kh\u00f4ng ch\u1ec9 cung c\u1ea5p s\u1ea3n ph\u1ea9m v\u00e1ch v\u00e0 c\u1eeda ch\u1ed1ng ch\u00e1y ch\u1ea5t l\u01b0\u1ee3ng, m\u00e0 c\u00f2n mang \u0111\u1ebfn d\u1ecbch v\u1ee5 t\u01b0 v\u1ea5n, thi\u1ebft k\u1ebf v\u00e0 thi c\u00f4ng tr\u1ecdn g\u00f3i. V\u1edbi \u0111\u1ed9i ng\u0169 k\u1ef9 s\u01b0 gi\u00e0u kinh nghi\u1ec7m, ch\u00fang t\u00f4i \u0111\u1ed3ng h\u00e0nh c\u00f9ng kh\u00e1ch h\u00e0ng trong m\u1ecdi giai \u0111o\u1ea1n d\u1ef1 \u00e1n, \u0111\u1ea3m b\u1ea3o ti\u1ebfn \u0111\u1ed9 \u2013 ch\u1ea5t l\u01b0\u1ee3ng \u2013 th\u1ea9m m\u1ef9.<\/p>\n<\/blockquote>\n<p>&#8211; C\u00f4ng ty C\u1ed5 ph\u1ea7n Nemac Vi\u1ec7t Nam<\/p>\n<div class=\"row align-right\"  id=\"row-410677324\">\n\n\t<div id=\"col-105907145\" class=\"col medium-4 small-4 large-3\"  >\n\t\t\t\t<div class=\"col-inner\"  >\n\t\t\t\n\t\t\t\n\t<div class=\"img has-hover x md-x lg-x y md-y lg-y\" id=\"image_1365521685\">\n\t\t\t\t\t\t\t\t<div class=\"img-inner dark\" >\n\t\t\t<img loading=\"lazy\" decoding=\"async\" width=\"588\" height=\"541\" src=\"https:\/\/nemac.vn\/en\/wp-content\/uploads\/2025\/09\/signature.png\" class=\"attachment-large size-large\" alt=\"\" \/>\t\t\t\t\t\t\n\t\t\t\t\t<\/div>\n\t\t\t\t\t\t\t\t\n<style>\n#image_1365521685 {\n  width: 100%;\n}\n<\/style>\n\t<\/div>\n\t\n\t\t<\/div>\n\t\t\t\t\n<style>\n#col-105907145 > .col-inner {\n  margin: -60px 0px 0px 0px;\n}\n<\/style>\n\t<\/div>\n\n\t\n<\/div>\n\t\t<\/div>\n\t\t\t\t\t<\/div>\n\n\t\n\n<style>\n#row-1314770962 > .col > .col-inner {\n  padding: 0px 10px 0px 10px;\n}\n@media (min-width:850px) {\n  #row-1314770962 > .col > .col-inner {\n    padding: 0px 40px 0px 40px;\n  }\n}\n<\/style>\n<\/div>\n\t\t<\/div>\n\n\t\t\n<style>\n#section_1277012556 {\n  padding-top: 80px;\n  padding-bottom: 80px;\n}\n<\/style>\n\t<\/section>\n\t\n","protected":false},"excerpt":{"rendered":"","protected":false},"author":1,"featured_media":0,"parent":0,"menu_order":0,"comment_status":"closed","ping_status":"closed","template":"page-blank.php","meta":{"footnotes":""},"class_list":["post-32","page","type-page","status-publish","hentry"],"yoast_head":"<!-- This site is optimized with the Yoast SEO plugin v26.2 - https:\/\/yoast.com\/wordpress\/plugins\/seo\/ -->\n<title>About Us - Nemac Vietnam Joint Stock Company<\/title>\n<meta name=\"robots\" content=\"index, follow, max-snippet:-1, max-image-preview:large, max-video-preview:-1\" \/>\n<link rel=\"canonical\" href=\"https:\/\/nemac.vn\/en\/about\/\" \/>\n<meta property=\"og:locale\" content=\"en_US\" \/>\n<meta property=\"og:type\" content=\"article\" \/>\n<meta property=\"og:title\" content=\"About Us - Nemac Vietnam Joint Stock Company\" \/>\n<meta property=\"og:url\" content=\"https:\/\/nemac.vn\/en\/about\/\" \/>\n<meta property=\"og:site_name\" content=\"Nemac Vietnam Joint Stock Company\" \/>\n<meta property=\"article:modified_time\" content=\"2025-10-08T09:59:58+00:00\" \/>\n<meta name=\"twitter:card\" content=\"summary_large_image\" \/>\n<meta name=\"twitter:label1\" content=\"Est. reading time\" \/>\n\t<meta name=\"twitter:data1\" content=\"2 minutes\" \/>\n<script type=\"application\/ld+json\" class=\"yoast-schema-graph\">{\"@context\":\"https:\/\/schema.org\",\"@graph\":[{\"@type\":\"WebPage\",\"@id\":\"https:\/\/nemac.vn\/en\/about\/\",\"url\":\"https:\/\/nemac.vn\/en\/about\/\",\"name\":\"About Us - Nemac Vietnam Joint Stock Company\",\"isPartOf\":{\"@id\":\"https:\/\/nemac.vn\/en\/#website\"},\"datePublished\":\"2025-09-26T02:09:27+00:00\",\"dateModified\":\"2025-10-08T09:59:58+00:00\",\"breadcrumb\":{\"@id\":\"https:\/\/nemac.vn\/en\/about\/#breadcrumb\"},\"inLanguage\":\"en-US\",\"potentialAction\":[{\"@type\":\"ReadAction\",\"target\":[\"https:\/\/nemac.vn\/en\/about\/\"]}]},{\"@type\":\"BreadcrumbList\",\"@id\":\"https:\/\/nemac.vn\/en\/about\/#breadcrumb\",\"itemListElement\":[{\"@type\":\"ListItem\",\"position\":1,\"name\":\"Trang ch\u1ee7\",\"item\":\"https:\/\/nemac.vn\/en\/\"},{\"@type\":\"ListItem\",\"position\":2,\"name\":\"About Us\"}]},{\"@type\":\"WebSite\",\"@id\":\"https:\/\/nemac.vn\/en\/#website\",\"url\":\"https:\/\/nemac.vn\/en\/\",\"name\":\"Nemac Vietnam Joint Stock Company\",\"description\":\"Fire Resistant Glasee\",\"potentialAction\":[{\"@type\":\"SearchAction\",\"target\":{\"@type\":\"EntryPoint\",\"urlTemplate\":\"https:\/\/nemac.vn\/en\/?s={search_term_string}\"},\"query-input\":{\"@type\":\"PropertyValueSpecification\",\"valueRequired\":true,\"valueName\":\"search_term_string\"}}],\"inLanguage\":\"en-US\"}]}<\/script>\n<!-- \/ Yoast SEO plugin. -->","yoast_head_json":{"title":"About Us - Nemac Vietnam Joint Stock Company","robots":{"index":"index","follow":"follow","max-snippet":"max-snippet:-1","max-image-preview":"max-image-preview:large","max-video-preview":"max-video-preview:-1"},"canonical":"https:\/\/nemac.vn\/en\/about\/","og_locale":"en_US","og_type":"article","og_title":"About Us - Nemac Vietnam Joint Stock Company","og_url":"https:\/\/nemac.vn\/en\/about\/","og_site_name":"Nemac Vietnam Joint Stock Company","article_modified_time":"2025-10-08T09:59:58+00:00","twitter_card":"summary_large_image","twitter_misc":{"Est. reading time":"2 minutes"},"schema":{"@context":"https:\/\/schema.org","@graph":[{"@type":"WebPage","@id":"https:\/\/nemac.vn\/en\/about\/","url":"https:\/\/nemac.vn\/en\/about\/","name":"About Us - Nemac Vietnam Joint Stock Company","isPartOf":{"@id":"https:\/\/nemac.vn\/en\/#website"},"datePublished":"2025-09-26T02:09:27+00:00","dateModified":"2025-10-08T09:59:58+00:00","breadcrumb":{"@id":"https:\/\/nemac.vn\/en\/about\/#breadcrumb"},"inLanguage":"en-US","potentialAction":[{"@type":"ReadAction","target":["https:\/\/nemac.vn\/en\/about\/"]}]},{"@type":"BreadcrumbList","@id":"https:\/\/nemac.vn\/en\/about\/#breadcrumb","itemListElement":[{"@type":"ListItem","position":1,"name":"Trang ch\u1ee7","item":"https:\/\/nemac.vn\/en\/"},{"@type":"ListItem","position":2,"name":"About Us"}]},{"@type":"WebSite","@id":"https:\/\/nemac.vn\/en\/#website","url":"https:\/\/nemac.vn\/en\/","name":"Nemac Vietnam Joint Stock Company","description":"Fire Resistant Glasee","potentialAction":[{"@type":"SearchAction","target":{"@type":"EntryPoint","urlTemplate":"https:\/\/nemac.vn\/en\/?s={search_term_string}"},"query-input":{"@type":"PropertyValueSpecification","valueRequired":true,"valueName":"search_term_string"}}],"inLanguage":"en-US"}]}},"_links":{"self":[{"href":"https:\/\/nemac.vn\/en\/wp-json\/wp\/v2\/pages\/32","targetHints":{"allow":["GET"]}}],"collection":[{"href":"https:\/\/nemac.vn\/en\/wp-json\/wp\/v2\/pages"}],"about":[{"href":"https:\/\/nemac.vn\/en\/wp-json\/wp\/v2\/types\/page"}],"author":[{"embeddable":true,"href":"https:\/\/nemac.vn\/en\/wp-json\/wp\/v2\/users\/1"}],"replies":[{"embeddable":true,"href":"https:\/\/nemac.vn\/en\/wp-json\/wp\/v2\/comments?post=32"}],"version-history":[{"count":11,"href":"https:\/\/nemac.vn\/en\/wp-json\/wp\/v2\/pages\/32\/revisions"}],"predecessor-version":[{"id":532,"href":"https:\/\/nemac.vn\/en\/wp-json\/wp\/v2\/pages\/32\/revisions\/532"}],"wp:attachment":[{"href":"https:\/\/nemac.vn\/en\/wp-json\/wp\/v2\/media?parent=32"}],"curies":[{"name":"wp","href":"https:\/\/api.w.org\/{rel}","templated":true}]}}